{"id":27,"date":"2014-05-05T10:58:49","date_gmt":"2014-05-05T08:58:49","guid":{"rendered":"http:\/\/www.musikproduktion-reh.de\/wordpress\/?page_id=27"},"modified":"2023-03-22T17:14:00","modified_gmt":"2023-03-22T15:14:00","slug":"technik","status":"publish","type":"page","link":"https:\/\/www.musikproduktion-reh.de\/wordpress\/technik\/","title":{"rendered":"Technik"},"content":{"rendered":"<p>Die Aufnahmetechnik ist so ausgelegt, dass alle Besetzungen von Soloinstrument bis gro\u00dfes Orchester in Stereo- oder Surroundsound bis 96kHz, 32 bit f\u00fcr alle g\u00e4ngigen Medien (CD, SACD oder Pure Audio Blu-ray) mit mobilem Mehrspurequipment aufgenommen werden k\u00f6nnen.<br \/>\nDabei verfolge ich bei der Auswahl insbesondere der Mikrofone und deren Vorverst\u00e4rker das Ziel, die Spiel- und Klangcharakteristik der K\u00fcnstler unverf\u00e4lscht mit hoher Authentizit\u00e4t zum Originalklang aufnehmen zu k\u00f6nnen. Deshalb arbeite ich seit langer Zeit mit dem angegebenen Equipment, nehme aber gerne jederzeit R\u00fccksicht auf besondere W\u00fcnsche und erg\u00e4nze, falls notwendig, die Technik entsprechend aktuellen Anforderungen.<\/p>\n<p>Ausz\u00fcge aus dem Aufnahmeequipment:<\/p>\n<p>Mikrofone:<\/p>\n<ul>\n<li>Neumann (KM 100 Serie, KM180 Serie, TLM 103, TLM 127 Gro\u00dfmembran)<\/li>\n<li>DPA<\/li>\n<li>Schoeps<\/li>\n<li>Line Audio<\/li>\n<li>Microtech Gefell<\/li>\n<li>R\u00f8de NTR<\/li>\n<li>Austrian Audio<\/li>\n<\/ul>\n<p>Mikrofonvorverst\u00e4rker:<\/p>\n<ul>\n<li>Lake People Empa V26<\/li>\n<li>DirectOut Prodigy.MC (64 Kan\u00e4le)<\/li>\n<\/ul>\n<p>Konverter:<\/p>\n<ul>\n<li>DirectOut Technologies Andiamo (MADI)<\/li>\n<li>RME Madiface XT (MADI)<\/li>\n<li>DirectOut Split Converter (MADI)<\/li>\n<\/ul>\n<p>Mischpulte:<\/p>\n<ul>\n<li>Tascam DM3200<\/li>\n<li>Yamaha<\/li>\n<\/ul>\n<p>Aufnahmeger\u00e4te:<\/p>\n<ul>\n<li>DAW Magix Sequoia ( bis 32bit 96kHz, 64 Spuren )<\/li>\n<\/ul>\n<p>Abh\u00f6rlautsprecher:<\/p>\n<ul>\n<li>Quad ESL 63<\/li>\n<li>B&amp;W Nautilus 803 (Surroundmonitoring)<\/li>\n<li>Neumann KH120<\/li>\n<\/ul>\n<p>Nachbearbeitung:<\/p>\n<ul>\n<li>Magix Sequoia V.16<\/li>\n<li>Altiverb 7<\/li>\n<li>Lexicon Hall<\/li>\n<li>Trinnov D-Mon Optimizer und Surround-Abh\u00f6rcontroller<\/li>\n<\/ul>\n","protected":false},"excerpt":{"rendered":"<p>Die Aufnahmetechnik ist so ausgelegt, dass alle Besetzungen von Soloinstrument bis gro\u00dfes Orchester in Stereo- oder Surroundsound bis 96kHz, 32 bit f\u00fcr alle g\u00e4ngigen Medien (CD, SACD oder Pure Audio Blu-ray) mit mobilem Mehrspurequipment aufgenommen werden k\u00f6nnen. Dabei verfolge ich bei der Auswahl insbesondere der Mikrofone und deren Vorverst\u00e4rker das Ziel, die Spiel- und Klangcharakteristik der K\u00fcnstler unverf\u00e4lscht mit hoher<\/p>\n<p><a class=\"more-link\" href=\"https:\/\/www.musikproduktion-reh.de\/wordpress\/technik\/\">Weiterlesen<\/a><\/p>\n","protected":false},"author":1,"featured_media":0,"parent":0,"menu_order":0,"comment_status":"closed","ping_status":"closed","template":"","meta":{"footnotes":""},"class_list":["post-27","page","type-page","status-publish","hentry"],"_links":{"self":[{"href":"https:\/\/www.musikproduktion-reh.de\/wordpress\/wp-json\/wp\/v2\/pages\/27","targetHints":{"allow":["GET"]}}],"collection":[{"href":"https:\/\/www.musikproduktion-reh.de\/wordpress\/wp-json\/wp\/v2\/pages"}],"about":[{"href":"https:\/\/www.musikproduktion-reh.de\/wordpress\/wp-json\/wp\/v2\/types\/page"}],"author":[{"embeddable":true,"href":"https:\/\/www.musikproduktion-reh.de\/wordpress\/wp-json\/wp\/v2\/users\/1"}],"replies":[{"embeddable":true,"href":"https:\/\/www.musikproduktion-reh.de\/wordpress\/wp-json\/wp\/v2\/comments?post=27"}],"version-history":[{"count":23,"href":"https:\/\/www.musikproduktion-reh.de\/wordpress\/wp-json\/wp\/v2\/pages\/27\/revisions"}],"predecessor-version":[{"id":704,"href":"https:\/\/www.musikproduktion-reh.de\/wordpress\/wp-json\/wp\/v2\/pages\/27\/revisions\/704"}],"wp:attachment":[{"href":"https:\/\/www.musikproduktion-reh.de\/wordpress\/wp-json\/wp\/v2\/media?parent=27"}],"curies":[{"name":"wp","href":"https:\/\/api.w.org\/{rel}","templated":true}]}}