{"id":2,"date":"2014-04-16T11:58:36","date_gmt":"2014-04-16T09:58:36","guid":{"rendered":"http:\/\/www.musikproduktion-reh.de\/wordpress\/?page_id=2"},"modified":"2022-10-19T10:11:40","modified_gmt":"2022-10-19T08:11:40","slug":"willkommen","status":"publish","type":"page","link":"https:\/\/www.musikproduktion-reh.de\/wordpress\/willkommen\/","title":{"rendered":"Willkommen"},"content":{"rendered":"<p><!--:de--><br \/>\n<span style=\"color: #1f4693;\"><strong><span class=\"head\">Herzlich willkommen bei Stephan Reh Musikproduktion!<\/span><\/strong><\/span><br \/>\n<span class=\"fliess\"><br \/>\nVerschaffen Sie sich einen \u00dcberblick \u00fcber den Ablauf einer professionellen, klassischen Musikproduktion von der ersten Planungsphase bis zum fertigen Masterband.<\/span><\/p>\n<p>Informieren Sie sich \u00fcber<\/p>\n<ul>\n<li>einige <span style=\"color: #0000ff;\"><em><a style=\"color: #0000ff;\" href=\"https:\/\/www.allmusic.com\/artist\/stephan-reh-mn0002199635\" target=\"_blank\" rel=\"noopener noreferrer\">Projekte<\/a><\/em><\/span> aus den vergangenen 30 Jahren<\/li>\n<li>\u00fcber Plattenfirmen und bedeutende K\u00fcnstler, die seit langem mit mir zusammenarbeiten<\/li>\n<li>\u00fcber die Technik, die bei den Produktionen zum Einsatz kommt.<\/li>\n<\/ul>\n<p><!--:--><\/p>\n","protected":false},"excerpt":{"rendered":"<p>Herzlich willkommen bei Stephan Reh Musikproduktion! Verschaffen Sie sich einen \u00dcberblick \u00fcber den Ablauf einer professionellen, klassischen Musikproduktion von der ersten Planungsphase bis zum fertigen Masterband. Informieren Sie sich \u00fcber einige Projekte aus den vergangenen 30 Jahren \u00fcber Plattenfirmen und bedeutende K\u00fcnstler, die seit langem mit mir zusammenarbeiten \u00fcber die Technik, die bei den Produktionen zum Einsatz kommt.<\/p>\n","protected":false},"author":1,"featured_media":0,"parent":0,"menu_order":0,"comment_status":"closed","ping_status":"closed","template":"","meta":{"footnotes":""},"class_list":["post-2","page","type-page","status-publish","hentry"],"_links":{"self":[{"href":"https:\/\/www.musikproduktion-reh.de\/wordpress\/wp-json\/wp\/v2\/pages\/2","targetHints":{"allow":["GET"]}}],"collection":[{"href":"https:\/\/www.musikproduktion-reh.de\/wordpress\/wp-json\/wp\/v2\/pages"}],"about":[{"href":"https:\/\/www.musikproduktion-reh.de\/wordpress\/wp-json\/wp\/v2\/types\/page"}],"author":[{"embeddable":true,"href":"https:\/\/www.musikproduktion-reh.de\/wordpress\/wp-json\/wp\/v2\/users\/1"}],"replies":[{"embeddable":true,"href":"https:\/\/www.musikproduktion-reh.de\/wordpress\/wp-json\/wp\/v2\/comments?post=2"}],"version-history":[{"count":26,"href":"https:\/\/www.musikproduktion-reh.de\/wordpress\/wp-json\/wp\/v2\/pages\/2\/revisions"}],"predecessor-version":[{"id":700,"href":"https:\/\/www.musikproduktion-reh.de\/wordpress\/wp-json\/wp\/v2\/pages\/2\/revisions\/700"}],"wp:attachment":[{"href":"https:\/\/www.musikproduktion-reh.de\/wordpress\/wp-json\/wp\/v2\/media?parent=2"}],"curies":[{"name":"wp","href":"https:\/\/api.w.org\/{rel}","templated":true}]}}