{"id":19,"date":"2014-05-05T10:40:04","date_gmt":"2014-05-05T08:40:04","guid":{"rendered":"http:\/\/www.musikproduktion-reh.de\/wordpress\/?page_id=19"},"modified":"2020-05-27T13:50:25","modified_gmt":"2020-05-27T11:50:25","slug":"musikproduktion","status":"publish","type":"page","link":"https:\/\/www.musikproduktion-reh.de\/wordpress\/musikproduktion\/","title":{"rendered":"Id\u00e9e fixe"},"content":{"rendered":"<p>Die Grundlage einer jeden Aufnahme bildet die Komposition, also Partitur des aufzunehmenden Werkes. An das Studium der Noten schlie\u00dft sich die Planung der gesamten Produktion an. Sie beginnt mit der Auswahl eines der Komposition entsprechenden, akustisch hervorragenden Aufnahmeraumes. Auch die Sitzordnung des Ensembles wird zum jetzigen Zeitpunkt er\u00f6rtert, um in die Planung der gesamten Aufnahmetechnik \u2013 Aufnahmeverfahren, Mikrofontypen, usw. \u2013 einzusteigen.<br \/>\nIn diesem Zusammenhang ist auch im Voraus zu kl\u00e4ren, ob das Ergebnis als Stereo- oder Surround-Aufnahme ver\u00f6ffentlicht werden soll.<\/p>\n<p>Zu Beginn der Aufnahme wird gemeinsam die ideale Aufstellung der Musiker gesucht. Kriterien sind hier einerseits gegenseitiges H\u00f6ren und Zusammenspiel der Musiker, andererseits Klanglichkeit und Abstrahlung des Ensembles im Saal. Durch die optimale Positionierung der Mikrofone versuche ich, der Komposition, der Spielweise der Musiker und den akustischen Gegebenheiten des Saales in idealer Weise gerecht zu werden.<br \/>\nZu diesem Zeitpunkt bildet die einwandfreie Mikrofonierung die Basis f\u00fcr ein optimales Gesamtergebnis, da sich aus ihr die Tiefenstaffelung, die gew\u00fcnschte, ausgeglichene Klangbalance zwischen den einzelnen Instrumenten, der Direktheitseindruck sowie das Verh\u00e4ltnis von Haupt- und St\u00fctzmikrofonen ergeben. Sollten diese Voraussetzungen nicht erf\u00fcllt sein, sind diese Komponenten im Nachhinein trotz Mehrspurtechnik mit k\u00fcnstlichen Mitteln wie Hall oder Verz\u00f6gerung nur in sehr engen Grenzen zufriedenstellend zu verbessern.<\/p>\n<p>Bei der darauf folgenden Aufnahme \u00fcbernimmt der Produzent als erster Zuh\u00f6rer sowie Ansprechpartner in einer inspirierenden Atmosph\u00e4re und verantwortungsvollen Weise die musikalische Aufnahmeleitung. Gegenseitiges Vertrauen ist die wichtigste Grundlage f\u00fcr eine erfolgreiche Zusammenarbeit von Musikern und Aufnahmeteam. Ebenso m\u00fcssen sich die Musiker auf das musikalische Urteil des Aufnahmeleiters stets verlassen k\u00f6nnen.<\/p>\n<p>Die digitale Nachbearbeitung, die entweder vom Tonmeister alleine oder in Zusammenarbeit mit den Musikern in meinen Studios durchgef\u00fchrt wird, beinhaltet Takeauswahl, Mehrspurschnitt und Abmischung sowie das Mastering f\u00fcr CD, DVD-Audio oder SACD.<\/p>\n<p>In Abh\u00e4ngigkeit von Umfang und Aufwand der geplanten Produktion, f\u00fchre ich die Aufnahme in allen beschriebenen Komponenten alleine, oder aber im Team mit einem weiteren Tonmeister durch. Ebenso unterst\u00fctze ich auch andere Produzenten, die mich mit meiner mobilen Aufnahmetechnik als Recording-Engineer engagieren.<\/p>\n<p>Selbstverst\u00e4ndlich f\u00fchre ich alle Aufnahmen mit stets aktueller Technik von h\u00f6chster Qualit\u00e4t durch. Um eine gute Arbeitsumgebung zu gew\u00e4hrleisten, wird f\u00fcr alle Aufnahmen eine mobile Aufnahmetechnik verwendet. Nur so sind kurze Wege und sehr gute Abh\u00f6rbedingungen f\u00fcr Produzent und Musiker garantiert.<\/p>\n","protected":false},"excerpt":{"rendered":"<p>Die Grundlage einer jeden Aufnahme bildet die Komposition, also Partitur des aufzunehmenden Werkes. An das Studium der Noten schlie\u00dft sich die Planung der gesamten Produktion an. Sie beginnt mit der Auswahl eines der Komposition entsprechenden, akustisch hervorragenden Aufnahmeraumes. Auch die Sitzordnung des Ensembles wird zum jetzigen Zeitpunkt er\u00f6rtert, um in die Planung der gesamten Aufnahmetechnik \u2013 Aufnahmeverfahren, Mikrofontypen, usw. \u2013<\/p>\n<p><a class=\"more-link\" href=\"https:\/\/www.musikproduktion-reh.de\/wordpress\/musikproduktion\/\">Weiterlesen<\/a><\/p>\n","protected":false},"author":1,"featured_media":0,"parent":0,"menu_order":0,"comment_status":"closed","ping_status":"closed","template":"","meta":{"footnotes":""},"class_list":["post-19","page","type-page","status-publish","hentry"],"_links":{"self":[{"href":"https:\/\/www.musikproduktion-reh.de\/wordpress\/wp-json\/wp\/v2\/pages\/19","targetHints":{"allow":["GET"]}}],"collection":[{"href":"https:\/\/www.musikproduktion-reh.de\/wordpress\/wp-json\/wp\/v2\/pages"}],"about":[{"href":"https:\/\/www.musikproduktion-reh.de\/wordpress\/wp-json\/wp\/v2\/types\/page"}],"author":[{"embeddable":true,"href":"https:\/\/www.musikproduktion-reh.de\/wordpress\/wp-json\/wp\/v2\/users\/1"}],"replies":[{"embeddable":true,"href":"https:\/\/www.musikproduktion-reh.de\/wordpress\/wp-json\/wp\/v2\/comments?post=19"}],"version-history":[{"count":5,"href":"https:\/\/www.musikproduktion-reh.de\/wordpress\/wp-json\/wp\/v2\/pages\/19\/revisions"}],"predecessor-version":[{"id":637,"href":"https:\/\/www.musikproduktion-reh.de\/wordpress\/wp-json\/wp\/v2\/pages\/19\/revisions\/637"}],"wp:attachment":[{"href":"https:\/\/www.musikproduktion-reh.de\/wordpress\/wp-json\/wp\/v2\/media?parent=19"}],"curies":[{"name":"wp","href":"https:\/\/api.w.org\/{rel}","templated":true}]}}